{"id":10,"date":"2020-10-15T14:33:46","date_gmt":"2020-10-15T14:33:46","guid":{"rendered":"https:\/\/laraaccounting.ro\/ro\/?page_id=10"},"modified":"2020-12-23T18:09:57","modified_gmt":"2020-12-23T18:09:57","slug":"servicii-de-contabilitate-consultanta-salarizare","status":"publish","type":"page","link":"https:\/\/laraaccounting.ro\/ro\/","title":{"rendered":"Acas\u0103"},"content":{"rendered":"\n<h3>Despre noi<\/h3>\n\n\n\n<p><strong>LARA ACCOUNTING<\/strong>, prin portofoliul deservit de clien\u0163i, s-a impus \u00een sfera celor mai importante companii de specialitate (servicii de contabilitate, consultanta si salarizare) . \u00cen prezent, portofoliul de clien\u0163i deservi\u0163i cumuleaz\u0103 o cifr\u0103 de afaceri anual\u0103 de peste 28 milioane euro.<\/p>\n\n\n\n<h3>Obiectiv<\/h3>\n\n\n\n<p>Activit\u0103\u0163ile principale ale companiei&nbsp;<strong>LARA ACCOUNTING<\/strong>&nbsp;sunt furnizarea de consultan\u0163\u0103 financiar-fiscal\u0103 \u015fi servicii de contabilitate, av\u00e2nd ca \u015fi obiectiv optimizarea rezultatelor activit\u0103\u0163ii partenerilor deservi\u0163i.<\/p>\n\n\n\n<p>\u00cen acest sens, propunem solu\u0163ii \u015fi sisteme integrate, iar proiectele \u00een care ne implic\u0103m le evalu\u0103m, \u00eempreun\u0103 cu partenerii no\u015ftri, din punctul de vedere al performan\u0163elor ob\u0163inute.<\/p>\n\n\n\n<h3>Activitate<\/h3>\n\n\n\n<p>Serviciile oferite de&nbsp;<strong>LARA ACCOUNTING<\/strong>&nbsp;sunt dedicate fiec\u0103rui partener \u00een parte, prin furnizarea de produse complexe \u015fi personalizate, \u00een func\u0163ie de nevoile specifice activit\u0103\u0163ii economice de baz\u0103 a acestora.<\/p>\n\n\n\n<p>Astfel, prin serviciile oferite se urm\u0103re\u015fte asigurarea optimiz\u0103rii, profitabiliz\u0103rii \u015fi desigur dezvolt\u0103rii companiilor-client.<\/p>\n\n\n\n<p>Lucr\u0103rile executate de&nbsp;<strong>LARA ACCOUNTING<\/strong>&nbsp;sunt de \u00eenalt\u0103 \u0163inut\u0103 profesional\u0103, calitatea acestora fiind asigurat\u0103 de echipa noastr\u0103 de profesioni\u015fti ce are o vast\u0103 experien\u0163\u0103 \u00een domeniul fiscal \u015fi financiar-contabil, acoperind o palet\u0103 larg\u0103 de activit\u0103\u0163i economice.<\/p>\n\n\n\n<h3>Conduit\u0103 profesional\u0103<\/h3>\n\n\n\n<p>Conform filosofiei de business, firma&nbsp;<strong>LARA ACCOUNTING<\/strong>&nbsp;este adepta principiilor de impar\u0163ialitate, independen\u0163\u0103 \u015fi obiectivitate \u00een ceea ce prive\u015fte activitatea sa de consultan\u0163\u0103.<\/p>\n\n\n\n<p>\u00cen acest sens, interesele clientului \u015fi confiden\u0163ialitatea reprezint\u0103 liniile definitorii ale activit\u0103\u0163ii consultan\u0163ilor&nbsp;<strong>LARA ACCOUNTING<\/strong>.<\/p>\n\n\n\n<p>Politica noastr\u0103 de confiden\u0163ialitate acoper\u0103 tot spectrul informa\u0163iilor comunicate de \u015fi c\u0103tre client \u015fi nu se opre\u015fte la durata efectiv\u0103 de derulare a contractului.<\/p>\n\n\n\n<p>Cu excep\u0163ia informa\u0163iilor \u015fi documentelor necesare pentru \u00eendeplinirea unor obiective aferente proiectului, toate informa\u0163iile \u015fi documentele transmise sau primite de c\u0103tre client r\u0103m\u00e2n confiden\u0163iale \u015fi nu vor fi transmise altor persoane sau entit\u0103\u0163i. Excep\u0163ie fac solicit\u0103rile \u00eendrept\u0103\u0163ite \u015fi formulate \u00eentr-un cadru legal de c\u0103tre autorit\u0103\u0163i.<\/p>\n\n\n\n<p>Consultan\u021b\u0103 contabilitate salarizare<\/p>\n","protected":false},"excerpt":{"rendered":"<p>Despre noi LARA ACCOUNTING, prin portofoliul deservit de clien\u0163i, s-a impus \u00een sfera celor mai importante companii de specialitate (servicii de contabilitate, consultanta si salarizare) . \u00cen prezent, portofoliul de clien\u0163i deservi\u0163i cumuleaz\u0103 o cifr\u0103 de afaceri anual\u0103 de peste 28 milioane euro. Obiectiv Activit\u0103\u0163ile principale ale companiei&nbsp;LARA ACCOUNTING&nbsp;sunt furnizarea [&hellip;]<\/p>\n","protected":false},"author":1,"featured_media":45,"parent":0,"menu_order":0,"comment_status":"closed","ping_status":"closed","template":"","meta":[],"yoast_head":"<!-- This site is optimized with the Yoast SEO plugin v19.4 - https:\/\/yoast.com\/wordpress\/plugins\/seo\/ -->\n<title>Servicii de contabilitate, consultanta si salarizare in Timisoara, Romania<\/title>\n<meta name=\"description\" content=\"Servicii de contabilitate, consultan\u021b\u0103, salarizare si administrare a personalului de calitate \u00een Timi\u0219oara, Rom\u00e2nia. Inmatriculare firma noua.\" \/>\n<meta name=\"robots\" content=\"index, follow, max-snippet:-1, max-image-preview:large, max-video-preview:-1\" \/>\n<link rel=\"canonical\" href=\"https:\/\/laraaccounting.ro\/ro\/\" \/>\n<meta property=\"og:locale\" content=\"ro_RO\" \/>\n<meta property=\"og:type\" content=\"article\" \/>\n<meta property=\"og:title\" content=\"Servicii de contabilitate, consultanta si salarizare in Timisoara, Romania\" \/>\n<meta property=\"og:description\" content=\"Servicii de contabilitate, consultan\u021b\u0103, salarizare si administrare a personalului de calitate \u00een Timi\u0219oara, Rom\u00e2nia. Inmatriculare firma noua.\" \/>\n<meta property=\"og:url\" content=\"https:\/\/laraaccounting.ro\/ro\/\" \/>\n<meta property=\"og:site_name\" content=\"Lara Accounting\" \/>\n<meta property=\"article:publisher\" content=\"https:\/\/www.facebook.com\/LARA-Accounting-SRL-133635150705876\" \/>\n<meta property=\"article:modified_time\" content=\"2020-12-23T18:09:57+00:00\" \/>\n<meta property=\"og:image\" content=\"https:\/\/laraaccounting.ro\/ro\/wp-content\/uploads\/2020\/10\/webinar2.jpg\" \/>\n\t<meta property=\"og:image:width\" content=\"640\" \/>\n\t<meta property=\"og:image:height\" content=\"424\" \/>\n\t<meta property=\"og:image:type\" content=\"image\/jpeg\" \/>\n<meta name=\"twitter:card\" content=\"summary_large_image\" \/>\n<meta name=\"twitter:label1\" content=\"Timp estimat pentru citire\" \/>\n\t<meta name=\"twitter:data1\" content=\"2 minute\" \/>\n<script type=\"application\/ld+json\" class=\"yoast-schema-graph\">{\"@context\":\"https:\/\/schema.org\",\"@graph\":[{\"@type\":\"Organization\",\"@id\":\"https:\/\/laraaccounting.ro\/ro\/#organization\",\"name\":\"Lara Accounting\",\"url\":\"https:\/\/laraaccounting.ro\/ro\/\",\"sameAs\":[\"https:\/\/www.facebook.com\/LARA-Accounting-SRL-133635150705876\"],\"logo\":{\"@type\":\"ImageObject\",\"inLanguage\":\"ro-RO\",\"@id\":\"https:\/\/laraaccounting.ro\/ro\/#\/schema\/logo\/image\/\",\"url\":\"https:\/\/laraaccounting.ro\/ro\/wp-content\/uploads\/2020\/11\/Lara-acc-Logo.jpg\",\"contentUrl\":\"https:\/\/laraaccounting.ro\/ro\/wp-content\/uploads\/2020\/11\/Lara-acc-Logo.jpg\",\"width\":2487,\"height\":1495,\"caption\":\"Lara Accounting\"},\"image\":{\"@id\":\"https:\/\/laraaccounting.ro\/ro\/#\/schema\/logo\/image\/\"}},{\"@type\":\"WebSite\",\"@id\":\"https:\/\/laraaccounting.ro\/ro\/#website\",\"url\":\"https:\/\/laraaccounting.ro\/ro\/\",\"name\":\"Lara Accounting\",\"description\":\"\",\"publisher\":{\"@id\":\"https:\/\/laraaccounting.ro\/ro\/#organization\"},\"potentialAction\":[{\"@type\":\"SearchAction\",\"target\":{\"@type\":\"EntryPoint\",\"urlTemplate\":\"https:\/\/laraaccounting.ro\/ro\/?s={search_term_string}\"},\"query-input\":\"required name=search_term_string\"}],\"inLanguage\":\"ro-RO\"},{\"@type\":\"WebPage\",\"@id\":\"https:\/\/laraaccounting.ro\/ro\/\",\"url\":\"https:\/\/laraaccounting.ro\/ro\/\",\"name\":\"Servicii de contabilitate, consultanta si salarizare in Timisoara, Romania\",\"isPartOf\":{\"@id\":\"https:\/\/laraaccounting.ro\/ro\/#website\"},\"datePublished\":\"2020-10-15T14:33:46+00:00\",\"dateModified\":\"2020-12-23T18:09:57+00:00\",\"description\":\"Servicii de contabilitate, consultan\u021b\u0103, salarizare si administrare a personalului de calitate \u00een Timi\u0219oara, Rom\u00e2nia. Inmatriculare firma noua.\",\"breadcrumb\":{\"@id\":\"https:\/\/laraaccounting.ro\/ro\/#breadcrumb\"},\"inLanguage\":\"ro-RO\",\"potentialAction\":[{\"@type\":\"ReadAction\",\"target\":[\"https:\/\/laraaccounting.ro\/ro\/\"]}]},{\"@type\":\"BreadcrumbList\",\"@id\":\"https:\/\/laraaccounting.ro\/ro\/#breadcrumb\",\"itemListElement\":[{\"@type\":\"ListItem\",\"position\":1,\"name\":\"Prima pagin\u0103\",\"item\":\"https:\/\/laraaccounting.ro\/ro\/\"},{\"@type\":\"ListItem\",\"position\":2,\"name\":\"Acas\u0103\"}]}]}<\/script>\n<!-- \/ Yoast SEO plugin. -->","yoast_head_json":{"title":"Servicii de contabilitate, consultanta si salarizare in Timisoara, Romania","description":"Servicii de contabilitate, consultan\u021b\u0103, salarizare si administrare a personalului de calitate \u00een Timi\u0219oara, Rom\u00e2nia. Inmatriculare firma noua.","robots":{"index":"index","follow":"follow","max-snippet":"max-snippet:-1","max-image-preview":"max-image-preview:large","max-video-preview":"max-video-preview:-1"},"canonical":"https:\/\/laraaccounting.ro\/ro\/","og_locale":"ro_RO","og_type":"article","og_title":"Servicii de contabilitate, consultanta si salarizare in Timisoara, Romania","og_description":"Servicii de contabilitate, consultan\u021b\u0103, salarizare si administrare a personalului de calitate \u00een Timi\u0219oara, Rom\u00e2nia. Inmatriculare firma noua.","og_url":"https:\/\/laraaccounting.ro\/ro\/","og_site_name":"Lara Accounting","article_publisher":"https:\/\/www.facebook.com\/LARA-Accounting-SRL-133635150705876","article_modified_time":"2020-12-23T18:09:57+00:00","og_image":[{"width":640,"height":424,"url":"https:\/\/laraaccounting.ro\/ro\/wp-content\/uploads\/2020\/10\/webinar2.jpg","type":"image\/jpeg"}],"twitter_card":"summary_large_image","twitter_misc":{"Timp estimat pentru citire":"2 minute"},"schema":{"@context":"https:\/\/schema.org","@graph":[{"@type":"Organization","@id":"https:\/\/laraaccounting.ro\/ro\/#organization","name":"Lara Accounting","url":"https:\/\/laraaccounting.ro\/ro\/","sameAs":["https:\/\/www.facebook.com\/LARA-Accounting-SRL-133635150705876"],"logo":{"@type":"ImageObject","inLanguage":"ro-RO","@id":"https:\/\/laraaccounting.ro\/ro\/#\/schema\/logo\/image\/","url":"https:\/\/laraaccounting.ro\/ro\/wp-content\/uploads\/2020\/11\/Lara-acc-Logo.jpg","contentUrl":"https:\/\/laraaccounting.ro\/ro\/wp-content\/uploads\/2020\/11\/Lara-acc-Logo.jpg","width":2487,"height":1495,"caption":"Lara Accounting"},"image":{"@id":"https:\/\/laraaccounting.ro\/ro\/#\/schema\/logo\/image\/"}},{"@type":"WebSite","@id":"https:\/\/laraaccounting.ro\/ro\/#website","url":"https:\/\/laraaccounting.ro\/ro\/","name":"Lara Accounting","description":"","publisher":{"@id":"https:\/\/laraaccounting.ro\/ro\/#organization"},"potentialAction":[{"@type":"SearchAction","target":{"@type":"EntryPoint","urlTemplate":"https:\/\/laraaccounting.ro\/ro\/?s={search_term_string}"},"query-input":"required name=search_term_string"}],"inLanguage":"ro-RO"},{"@type":"WebPage","@id":"https:\/\/laraaccounting.ro\/ro\/","url":"https:\/\/laraaccounting.ro\/ro\/","name":"Servicii de contabilitate, consultanta si salarizare in Timisoara, Romania","isPartOf":{"@id":"https:\/\/laraaccounting.ro\/ro\/#website"},"datePublished":"2020-10-15T14:33:46+00:00","dateModified":"2020-12-23T18:09:57+00:00","description":"Servicii de contabilitate, consultan\u021b\u0103, salarizare si administrare a personalului de calitate \u00een Timi\u0219oara, Rom\u00e2nia. Inmatriculare firma noua.","breadcrumb":{"@id":"https:\/\/laraaccounting.ro\/ro\/#breadcrumb"},"inLanguage":"ro-RO","potentialAction":[{"@type":"ReadAction","target":["https:\/\/laraaccounting.ro\/ro\/"]}]},{"@type":"BreadcrumbList","@id":"https:\/\/laraaccounting.ro\/ro\/#breadcrumb","itemListElement":[{"@type":"ListItem","position":1,"name":"Prima pagin\u0103","item":"https:\/\/laraaccounting.ro\/ro\/"},{"@type":"ListItem","position":2,"name":"Acas\u0103"}]}]}},"_links":{"self":[{"href":"https:\/\/laraaccounting.ro\/ro\/wp-json\/wp\/v2\/pages\/10"}],"collection":[{"href":"https:\/\/laraaccounting.ro\/ro\/wp-json\/wp\/v2\/pages"}],"about":[{"href":"https:\/\/laraaccounting.ro\/ro\/wp-json\/wp\/v2\/types\/page"}],"author":[{"embeddable":true,"href":"https:\/\/laraaccounting.ro\/ro\/wp-json\/wp\/v2\/users\/1"}],"replies":[{"embeddable":true,"href":"https:\/\/laraaccounting.ro\/ro\/wp-json\/wp\/v2\/comments?post=10"}],"version-history":[{"count":5,"href":"https:\/\/laraaccounting.ro\/ro\/wp-json\/wp\/v2\/pages\/10\/revisions"}],"predecessor-version":[{"id":121,"href":"https:\/\/laraaccounting.ro\/ro\/wp-json\/wp\/v2\/pages\/10\/revisions\/121"}],"wp:featuredmedia":[{"embeddable":true,"href":"https:\/\/laraaccounting.ro\/ro\/wp-json\/wp\/v2\/media\/45"}],"wp:attachment":[{"href":"https:\/\/laraaccounting.ro\/ro\/wp-json\/wp\/v2\/media?parent=10"}],"curies":[{"name":"wp","href":"https:\/\/api.w.org\/{rel}","templated":true}]}}